{"id":1081,"date":"2018-05-30T14:27:12","date_gmt":"2018-05-30T12:27:12","guid":{"rendered":"http:\/\/vshohenau-march.ac.at\/?page_id=1081"},"modified":"2018-06-05T12:47:42","modified_gmt":"2018-06-05T10:47:42","slug":"datens","status":"publish","type":"page","link":"https:\/\/vshohenau-march.ac.at\/?page_id=1081","title":{"rendered":"Datenschutz"},"content":{"rendered":"<p><a href=\"https:\/\/bildung.bmbwf.gv.at\/datenschutz\" target=\"_blank\" rel=\"noopener\">Datenschutzinformation gem\u00e4\u00df Art. 12ff DSGVO im Rahmen der Schulverwaltung an \u00f6sterreichischen Schulen gem\u00e4\u00df Art. 14 B-VG<\/a><\/p>\n","protected":false},"excerpt":{"rendered":"<p>Datenschutzinformation gem\u00e4\u00df Art. 12ff DSGVO im Rahmen der Schulverwaltung an \u00f6sterreichischen Schulen gem\u00e4\u00df Art. 14 B-VG<\/p>\n","protected":false},"author":2,"featured_media":0,"parent":42,"menu_order":0,"comment_status":"closed","ping_status":"closed","template":"","meta":{"_mc_calendar":[],"footnotes":""},"class_list":["post-1081","page","type-page","status-publish","hentry"],"_links":{"self":[{"href":"https:\/\/vshohenau-march.ac.at\/index.php?rest_route=\/wp\/v2\/pages\/1081","targetHints":{"allow":["GET"]}}],"collection":[{"href":"https:\/\/vshohenau-march.ac.at\/index.php?rest_route=\/wp\/v2\/pages"}],"about":[{"href":"https:\/\/vshohenau-march.ac.at\/index.php?rest_route=\/wp\/v2\/types\/page"}],"author":[{"embeddable":true,"href":"https:\/\/vshohenau-march.ac.at\/index.php?rest_route=\/wp\/v2\/users\/2"}],"replies":[{"embeddable":true,"href":"https:\/\/vshohenau-march.ac.at\/index.php?rest_route=%2Fwp%2Fv2%2Fcomments&post=1081"}],"version-history":[{"count":2,"href":"https:\/\/vshohenau-march.ac.at\/index.php?rest_route=\/wp\/v2\/pages\/1081\/revisions"}],"predecessor-version":[{"id":1083,"href":"https:\/\/vshohenau-march.ac.at\/index.php?rest_route=\/wp\/v2\/pages\/1081\/revisions\/1083"}],"up":[{"embeddable":true,"href":"https:\/\/vshohenau-march.ac.at\/index.php?rest_route=\/wp\/v2\/pages\/42"}],"wp:attachment":[{"href":"https:\/\/vshohenau-march.ac.at\/index.php?rest_route=%2Fwp%2Fv2%2Fmedia&parent=1081"}],"curies":[{"name":"wp","href":"https:\/\/api.w.org\/{rel}","templated":true}]}}