{"id":351,"date":"2017-05-17T23:28:19","date_gmt":"2017-05-17T21:28:19","guid":{"rendered":"http:\/\/vshohenau-march.ac.at\/?page_id=351"},"modified":"2023-09-15T16:58:31","modified_gmt":"2023-09-15T14:58:31","slug":"schulprofil","status":"publish","type":"page","link":"https:\/\/vshohenau-march.ac.at\/?page_id=351","title":{"rendered":"Schulprofil"},"content":{"rendered":"<div class=\"art-article\">\n<p>Ein Schwerpunkt der Volksschule Hohenau liegt im Erlernen der Fremdsprachen Englisch und Slowakisch.<\/p>\n<p>T\u00e4glich werden anhand von Liedern, Spielen, Reimen und Geschichten englische Vokabel und Gespr\u00e4chssituationen erlernt und gefestigt. F\u00fcr die vierte Klasse gibt es als Zusatzangebot die Interessens- und Begabungsf\u00f6rderung IBF Englisch.<\/p>\n<p>Slowakisch unterrichtet die Native Speakerin Maria Tomaschikova. F\u00fcr jede Klasse steht eine Stunde pro Woche zur Verf\u00fcgung.<\/p>\n<p>Auch im musikalischen Bereich setzt die Volksschule Hohenau einen Schwerpunkt mit dem F\u00fchren einer Bl\u00e4serklasse im 3. und 4. Schuljahr. In Kooperation mit der Musikschule Hohenau erlernen die Kinder w\u00e4hrend des Unterrichts ein Blasinstrument.<\/p>\n<p>Schwerpunkte der einzelnen Schulstufen<\/p>\n<p>Die Volksschule Hohenau hat eine schulautonome Stundentafel mit folgenden Schwerpunkten:<\/p>\n<p><strong>1. und 2. Klasse: <\/strong><em>Schwerpunkt Bewegung und Sport (4 Stunden, 3 Stunden)<\/em><\/p>\n<p>Schulanf\u00e4nger:innen haben einen hohen Bewegungsbedarf. Au\u00dferdem k\u00f6nnen die elementaren Bewegungsgrundlagen am besten in diesem Alter vermittelt werden, wenn die Bewegungsbereitschaft noch sehr hoch ist.<\/p>\n<p>Auf diesen Grundlagen kann in den folgenden Jahren gut aufgebaut werden.<\/p>\n<p><strong>3. Klasse:<\/strong> <em>Schwerpunkt Bildnerische Erziehung und Textiles Werken\/Technisches Werken (5 Stunden)<\/em><\/p>\n<p>In diesem Schuljahr k\u00f6nnen die Sch\u00fcler:innen ihre Kreativit\u00e4t besonders entfalten. Es werden Maler:innen und K\u00fcnstler:innen und deren Werke kennengelernt und eigene geschaffen. Viele Arbeitstechniken k\u00f6nnen erprobt werden.<\/p>\n<p><strong>4. Klasse:<\/strong> <em>Projektorientiertes Arbeiten &#8211; Sachunterricht\/Deutsch<\/em><\/p>\n<p>Themen aus dem Sachunterricht werden f\u00e4cher\u00fcbergreifend durch projektorientiertes Arbeiten von den Kindern behandelt und den anderen pr\u00e4sentiert.<\/p>\n<\/div>\n<p><span class=\"article_separator\">\u00a0<\/span><\/p>\n","protected":false},"excerpt":{"rendered":"<p>Ein Schwerpunkt der Volksschule Hohenau liegt im Erlernen der Fremdsprachen Englisch und Slowakisch. T\u00e4glich werden anhand von Liedern, Spielen, Reimen und Geschichten englische Vokabel und Gespr\u00e4chssituationen erlernt und gefestigt. F\u00fcr die vierte Klasse gibt es als Zusatzangebot die Interessens- und<\/p>\n","protected":false},"author":2,"featured_media":0,"parent":42,"menu_order":3,"comment_status":"closed","ping_status":"closed","template":"","meta":{"_mc_calendar":[],"footnotes":""},"class_list":["post-351","page","type-page","status-publish","hentry"],"_links":{"self":[{"href":"https:\/\/vshohenau-march.ac.at\/index.php?rest_route=\/wp\/v2\/pages\/351","targetHints":{"allow":["GET"]}}],"collection":[{"href":"https:\/\/vshohenau-march.ac.at\/index.php?rest_route=\/wp\/v2\/pages"}],"about":[{"href":"https:\/\/vshohenau-march.ac.at\/index.php?rest_route=\/wp\/v2\/types\/page"}],"author":[{"embeddable":true,"href":"https:\/\/vshohenau-march.ac.at\/index.php?rest_route=\/wp\/v2\/users\/2"}],"replies":[{"embeddable":true,"href":"https:\/\/vshohenau-march.ac.at\/index.php?rest_route=%2Fwp%2Fv2%2Fcomments&post=351"}],"version-history":[{"count":5,"href":"https:\/\/vshohenau-march.ac.at\/index.php?rest_route=\/wp\/v2\/pages\/351\/revisions"}],"predecessor-version":[{"id":2719,"href":"https:\/\/vshohenau-march.ac.at\/index.php?rest_route=\/wp\/v2\/pages\/351\/revisions\/2719"}],"up":[{"embeddable":true,"href":"https:\/\/vshohenau-march.ac.at\/index.php?rest_route=\/wp\/v2\/pages\/42"}],"wp:attachment":[{"href":"https:\/\/vshohenau-march.ac.at\/index.php?rest_route=%2Fwp%2Fv2%2Fmedia&parent=351"}],"curies":[{"name":"wp","href":"https:\/\/api.w.org\/{rel}","templated":true}]}}