{"id":386,"date":"2017-05-20T18:14:03","date_gmt":"2017-05-20T16:14:03","guid":{"rendered":"http:\/\/vshohenau-march.ac.at\/?page_id=386"},"modified":"2024-05-20T17:46:34","modified_gmt":"2024-05-20T15:46:34","slug":"blaeserklasse","status":"publish","type":"page","link":"https:\/\/vshohenau-march.ac.at\/?page_id=386","title":{"rendered":"Bl\u00e4serklasse"},"content":{"rendered":"<p><img loading=\"lazy\" decoding=\"async\" class=\"alignnone wp-image-2907 size-full\" src=\"http:\/\/vshohenau-march.ac.at\/wp-content\/uploads\/2024\/05\/e9e79a0f-7a99-4a7e-bf74-62cda66e5285.jpg\" alt=\"\" width=\"648\" height=\"333\" srcset=\"https:\/\/vshohenau-march.ac.at\/wp-content\/uploads\/2024\/05\/e9e79a0f-7a99-4a7e-bf74-62cda66e5285.jpg 648w, https:\/\/vshohenau-march.ac.at\/wp-content\/uploads\/2024\/05\/e9e79a0f-7a99-4a7e-bf74-62cda66e5285-300x154.jpg 300w\" sizes=\"auto, (max-width: 648px) 100vw, 648px\" \/><\/p>\n<p>Liebe Sch\u00fcler:innen, liebe Eltern!<\/p>\n<p>Die oben angef\u00fchrten\u00a0Musikinstrumente bilden die Grundlage f\u00fcr die <strong>\u201eBl\u00e4serklasse\u201c.<\/strong><\/p>\n<p>Das Fach \u201eBl\u00e4serklasse\u201c ist ein gemeinsames Projekt der Volks- und Musikschule Hohenau, das zwei Schuljahre dauert.<\/p>\n<p>Organisatorisch findet diese Einheit in Form einer unverbindlichen \u00dcbung (50 Minuten) im Anschluss an den Unterricht statt. Zwei Musikschullehrer der Musikschule Hohenau unterrichten die Kinder gemeinsam mit einer Klassenlehrerin einmal w\u00f6chentlich im Fach Bl\u00e4serklasse. Im Paket ist auch ein w\u00f6chentlicher Einzelunterricht in der Musikschule bei einer entsprechenden Instrumentallehrerin oder einem entsprechenden Instrumentallehrer enthalten.<\/p>\n<p>Die Kosten f\u00fcr dieses Unterrichtspaket betragen <strong>pro Monat \u20ac 45,50.\u00a0<\/strong><\/p>\n<p>In diesem Beitrag sind folgende Leistungen enthalten:<\/p>\n<p>* Bl\u00e4serklasseunterricht (\u20ac 29,60\/Monat) &#8211; entf\u00e4llt!<br \/>\n* Instrumentenmiete (\u20ac 8,-\/Monat) &#8211; entf\u00e4llt!<br \/>\n* Einzelunterricht Musikschule 25 Minuten (\u20ac 45,50\/Monat)<\/p>\n<p>Die Anmeldung erfolgt verbindlich auf zwei Jahre!<\/p>\n<p>F\u00fcr weitere Informationen ist VD Sabine Totter unter 0664\/1274703 oder MDir. Gernot Kahofer unter 0664\/3563798 erreichbar.<\/p>\n<p>*********<\/p>\n<p><strong>Was ist eine \u201eBl\u00e4serklasse\u201c \u00a0?<\/strong><strong>\u00a0<\/strong><\/p>\n<ul>\n<li>\u201eBl\u00e4serklasse\u201c macht den Musikunterricht lebendig.<\/li>\n<li>\u201eBl\u00e4serklasse\u201c hei\u00dft gemeinsames Musizieren im Blasorchester \u2013 vom ersten Ton an.<\/li>\n<li>Aufgrund individueller Eignung des jeweiligen Kindes (K\u00f6rpergr\u00f6\u00dfe, Ansatz, Zahnstellung,&#8230;.) werden die Musikinstrumente den \u201eBl\u00e4serklassesch\u00fcler:innen\u201c zugeteilt.<\/li>\n<li>&#8230;. und dann geht`s los! Die Sch\u00fcler:innen lernen unter st\u00e4ndiger Aufsicht der Instrumentallehrer:innen das Musizieren auf ihren Instrumenten \u2013 vom ersten Ton an \u2013 im Blasorchester. Zuerst einstimmig, \u00fcber leichte Zweistimmigkeit bis hin zum kompletten Orchestersatz.<\/li>\n<li>Neben dem gemeinsamen musikalischen Erfolgserlebnis f\u00f6rdert diese \u201espielerische\u201c Lernmethode auch das Sozialverhalten.<\/li>\n<li>Beim gemeinsamen Musizieren lernen die Sch\u00fcler:innen auch R\u00fccksicht und Verantwortung \u2013 aktives Musizieren leistet einen Beitrag zur Pers\u00f6nlichkeitsentwicklung ihres Kindes!<\/li>\n<li>Motivation und Konzentration werden durch das gemeinsame Musizieren gest\u00e4rkt und gef\u00f6rdert.<\/li>\n<li>Das \u00dcben zu Hause wird mit einer Mitspiel \u2013 CD leicht gemacht.<\/li>\n<li>Die ben\u00f6tigten Musikinstrumente werden von der Musikschule in Zusammenarbeit mit der Marktgemeinde Hohenau vermietet.<\/li>\n<\/ul>\n","protected":false},"excerpt":{"rendered":"<p>Liebe Sch\u00fcler:innen, liebe Eltern! Die oben angef\u00fchrten\u00a0Musikinstrumente bilden die Grundlage f\u00fcr die \u201eBl\u00e4serklasse\u201c. Das Fach \u201eBl\u00e4serklasse\u201c ist ein gemeinsames Projekt der Volks- und Musikschule Hohenau, das zwei Schuljahre dauert. Organisatorisch findet diese Einheit in Form einer unverbindlichen \u00dcbung (50 Minuten)<\/p>\n","protected":false},"author":2,"featured_media":0,"parent":42,"menu_order":0,"comment_status":"closed","ping_status":"closed","template":"","meta":{"_mc_calendar":[],"footnotes":""},"class_list":["post-386","page","type-page","status-publish","hentry"],"_links":{"self":[{"href":"https:\/\/vshohenau-march.ac.at\/index.php?rest_route=\/wp\/v2\/pages\/386","targetHints":{"allow":["GET"]}}],"collection":[{"href":"https:\/\/vshohenau-march.ac.at\/index.php?rest_route=\/wp\/v2\/pages"}],"about":[{"href":"https:\/\/vshohenau-march.ac.at\/index.php?rest_route=\/wp\/v2\/types\/page"}],"author":[{"embeddable":true,"href":"https:\/\/vshohenau-march.ac.at\/index.php?rest_route=\/wp\/v2\/users\/2"}],"replies":[{"embeddable":true,"href":"https:\/\/vshohenau-march.ac.at\/index.php?rest_route=%2Fwp%2Fv2%2Fcomments&post=386"}],"version-history":[{"count":12,"href":"https:\/\/vshohenau-march.ac.at\/index.php?rest_route=\/wp\/v2\/pages\/386\/revisions"}],"predecessor-version":[{"id":2914,"href":"https:\/\/vshohenau-march.ac.at\/index.php?rest_route=\/wp\/v2\/pages\/386\/revisions\/2914"}],"up":[{"embeddable":true,"href":"https:\/\/vshohenau-march.ac.at\/index.php?rest_route=\/wp\/v2\/pages\/42"}],"wp:attachment":[{"href":"https:\/\/vshohenau-march.ac.at\/index.php?rest_route=%2Fwp%2Fv2%2Fmedia&parent=386"}],"curies":[{"name":"wp","href":"https:\/\/api.w.org\/{rel}","templated":true}]}}