{"id":431,"date":"2017-05-17T23:59:43","date_gmt":"2017-05-17T21:59:43","guid":{"rendered":"http:\/\/vshohenau-march.ac.at\/?page_id=431"},"modified":"2023-09-15T16:57:38","modified_gmt":"2023-09-15T14:57:38","slug":"gesunde-schule","status":"publish","type":"page","link":"https:\/\/vshohenau-march.ac.at\/?page_id=431","title":{"rendered":"Gesunde Schule"},"content":{"rendered":"<h1><img loading=\"lazy\" decoding=\"async\" class=\"alignnone size-full wp-image-268\" src=\"http:\/\/vshohenau-march.ac.at\/wp-content\/uploads\/2017\/05\/logo-gesunde-schule-e1494446702781.png\" alt=\"\" width=\"120\" height=\"64\" \/>\u00a0\u00a0\u00a0\u00a0\u00a0 <strong><em>Gesunde (Volks-)Schule<\/em><\/strong><\/h1>\n<p>Ziel dieser Initiative ist es, m\u00f6glichst viele Schulen auf dem Weg zu einem gesunden Lebensraum Schule zu unterst\u00fctzen und Gesundheit nachhaltig in den Schulalltag zu verankern. Im Programm \u201eGesunde (Volks-)Schule\u201c wird die jeweilige Schwerpunktsetzung (Ern\u00e4hrung, Bewegung, Sucht, psychosoziale Gesundheit, Lebensraumgestaltung) und der Umfang der Ma\u00dfnahmen von den Beteiligten (Schulleitung, Lehrkr\u00e4fte, Eltern und Sch\u00fcler:innen) festgelegt. Der Zusammenhang zwischen Bildung und Gesundheit liegt auf der Hand. Gesunde Sch\u00fcler:innen bringen bessere Lernleistung, leistungsst\u00e4rkere Sch\u00fcler:innen verhalten sich ges\u00fcnder.<\/p>\n<p><b>Einstieg &#8222;Gesunde VS&#8220;: <\/b>2012\/2013<\/p>\n<p><b>Verleihung GOLD-Plakette: <\/b>2016<\/p>\n<p><img loading=\"lazy\" decoding=\"async\" class=\"alignnone wp-image-434 size-full\" src=\"http:\/\/vshohenau-march.ac.at\/wp-content\/uploads\/2017\/05\/Gesunde-Schule-1.jpg\" alt=\"\" width=\"902\" height=\"601\" srcset=\"https:\/\/vshohenau-march.ac.at\/wp-content\/uploads\/2017\/05\/Gesunde-Schule-1.jpg 902w, https:\/\/vshohenau-march.ac.at\/wp-content\/uploads\/2017\/05\/Gesunde-Schule-1-300x200.jpg 300w, https:\/\/vshohenau-march.ac.at\/wp-content\/uploads\/2017\/05\/Gesunde-Schule-1-768x512.jpg 768w\" sizes=\"auto, (max-width: 902px) 100vw, 902px\" \/><\/p>\n<p><img loading=\"lazy\" decoding=\"async\" class=\"alignnone wp-image-435 size-full\" src=\"http:\/\/vshohenau-march.ac.at\/wp-content\/uploads\/2017\/05\/Gesunde-Schule.jpg\" alt=\"\" width=\"902\" height=\"601\" srcset=\"https:\/\/vshohenau-march.ac.at\/wp-content\/uploads\/2017\/05\/Gesunde-Schule.jpg 902w, https:\/\/vshohenau-march.ac.at\/wp-content\/uploads\/2017\/05\/Gesunde-Schule-300x200.jpg 300w, https:\/\/vshohenau-march.ac.at\/wp-content\/uploads\/2017\/05\/Gesunde-Schule-768x512.jpg 768w\" sizes=\"auto, (max-width: 902px) 100vw, 902px\" \/><\/p>\n<p><a href=\"http:\/\/vshohenau-march.ac.at\/wp-content\/uploads\/2017\/05\/Abschlussbericht-gesunde-schule.doc\">Abschlussbericht Gesunde Schule 2016\/17<\/a><\/p>\n<p><a href=\"http:\/\/vshohenau-march.ac.at\/wp-content\/uploads\/2017\/05\/Gesunde-Schule_Fotos.docx\">Gesunde Schule Kochen<\/a><\/p>\n","protected":false},"excerpt":{"rendered":"<p>\u00a0\u00a0\u00a0\u00a0\u00a0 Gesunde (Volks-)Schule Ziel dieser Initiative ist es, m\u00f6glichst viele Schulen auf dem Weg zu einem gesunden Lebensraum Schule zu unterst\u00fctzen und Gesundheit nachhaltig in den Schulalltag zu verankern. Im Programm \u201eGesunde (Volks-)Schule\u201c wird die jeweilige Schwerpunktsetzung (Ern\u00e4hrung, Bewegung, Sucht,<\/p>\n","protected":false},"author":2,"featured_media":435,"parent":42,"menu_order":5,"comment_status":"closed","ping_status":"closed","template":"","meta":{"_mc_calendar":[],"footnotes":""},"class_list":["post-431","page","type-page","status-publish","has-post-thumbnail","hentry"],"_links":{"self":[{"href":"https:\/\/vshohenau-march.ac.at\/index.php?rest_route=\/wp\/v2\/pages\/431","targetHints":{"allow":["GET"]}}],"collection":[{"href":"https:\/\/vshohenau-march.ac.at\/index.php?rest_route=\/wp\/v2\/pages"}],"about":[{"href":"https:\/\/vshohenau-march.ac.at\/index.php?rest_route=\/wp\/v2\/types\/page"}],"author":[{"embeddable":true,"href":"https:\/\/vshohenau-march.ac.at\/index.php?rest_route=\/wp\/v2\/users\/2"}],"replies":[{"embeddable":true,"href":"https:\/\/vshohenau-march.ac.at\/index.php?rest_route=%2Fwp%2Fv2%2Fcomments&post=431"}],"version-history":[{"count":8,"href":"https:\/\/vshohenau-march.ac.at\/index.php?rest_route=\/wp\/v2\/pages\/431\/revisions"}],"predecessor-version":[{"id":2717,"href":"https:\/\/vshohenau-march.ac.at\/index.php?rest_route=\/wp\/v2\/pages\/431\/revisions\/2717"}],"up":[{"embeddable":true,"href":"https:\/\/vshohenau-march.ac.at\/index.php?rest_route=\/wp\/v2\/pages\/42"}],"wp:featuredmedia":[{"embeddable":true,"href":"https:\/\/vshohenau-march.ac.at\/index.php?rest_route=\/wp\/v2\/media\/435"}],"wp:attachment":[{"href":"https:\/\/vshohenau-march.ac.at\/index.php?rest_route=%2Fwp%2Fv2%2Fmedia&parent=431"}],"curies":[{"name":"wp","href":"https:\/\/api.w.org\/{rel}","templated":true}]}}